{"id":1171,"date":"2026-03-21T23:29:45","date_gmt":"2026-03-21T23:29:45","guid":{"rendered":"https:\/\/rafaelaveronezi.com.br\/?page_id=1171"},"modified":"2026-03-27T18:00:12","modified_gmt":"2026-03-27T18:00:12","slug":"artigos","status":"publish","type":"page","link":"https:\/\/rafaelaveronezi.com.br\/index.php\/artigos\/","title":{"rendered":"ARTIGOS"},"content":{"rendered":"\t\t<div data-elementor-type=\"wp-page\" data-elementor-id=\"1171\" class=\"elementor elementor-1171\">\n\t\t\t\t<div class=\"elementor-element elementor-element-c46d0ac e-flex e-con-boxed magic-button-disabled-no wpr-particle-no wpr-jarallax-no wpr-parallax-no wpr-sticky-section-no e-con e-parent\" data-id=\"c46d0ac\" data-element_type=\"container\" data-e-type=\"container\" data-settings=\"{&quot;background_background&quot;:&quot;classic&quot;,&quot;shape_divider_top&quot;:&quot;opacity-tilt&quot;,&quot;shape_divider_bottom&quot;:&quot;opacity-tilt&quot;}\">\n\t\t\t\t\t<div class=\"e-con-inner\">\n\t\t\t\t<div class=\"elementor-shape elementor-shape-top\" aria-hidden=\"true\" data-negative=\"false\">\n\t\t\t<svg xmlns=\"http:\/\/www.w3.org\/2000\/svg\" viewBox=\"0 0 2600 131.1\" preserveAspectRatio=\"none\">\n\t<path class=\"elementor-shape-fill\" d=\"M0 0L2600 0 2600 69.1 0 0z\"\/>\n\t<path class=\"elementor-shape-fill\" style=\"opacity:0.5\" d=\"M0 0L2600 0 2600 69.1 0 69.1z\"\/>\n\t<path class=\"elementor-shape-fill\" style=\"opacity:0.25\" d=\"M2600 0L0 0 0 130.1 2600 69.1z\"\/>\n<\/svg>\t\t<\/div>\n\t\t\t\t<div class=\"elementor-shape elementor-shape-bottom\" aria-hidden=\"true\" data-negative=\"false\">\n\t\t\t<svg xmlns=\"http:\/\/www.w3.org\/2000\/svg\" viewBox=\"0 0 2600 131.1\" preserveAspectRatio=\"none\">\n\t<path class=\"elementor-shape-fill\" d=\"M0 0L2600 0 2600 69.1 0 0z\"\/>\n\t<path class=\"elementor-shape-fill\" style=\"opacity:0.5\" d=\"M0 0L2600 0 2600 69.1 0 69.1z\"\/>\n\t<path class=\"elementor-shape-fill\" style=\"opacity:0.25\" d=\"M2600 0L0 0 0 130.1 2600 69.1z\"\/>\n<\/svg>\t\t<\/div>\n\t\t<div class=\"elementor-element elementor-element-e324f7a e-con-full e-flex magic-button-disabled-no wpr-particle-no wpr-jarallax-no wpr-parallax-no wpr-sticky-section-no e-con e-child\" data-id=\"e324f7a\" data-element_type=\"container\" data-e-type=\"container\">\n\t\t<div class=\"elementor-element elementor-element-10bdaaa e-con-full e-flex magic-button-disabled-no wpr-particle-no wpr-jarallax-no wpr-parallax-no wpr-sticky-section-no e-con e-child\" data-id=\"10bdaaa\" data-element_type=\"container\" data-e-type=\"container\">\n\t\t<div class=\"elementor-element elementor-element-4db8241 e-con-full e-flex magic-button-disabled-no wpr-particle-no wpr-jarallax-no wpr-parallax-no wpr-sticky-section-no e-con e-child\" data-id=\"4db8241\" data-element_type=\"container\" data-e-type=\"container\" data-settings=\"{&quot;background_background&quot;:&quot;classic&quot;}\">\n\t\t\t\t<div class=\"elementor-element elementor-element-eef5935 elementor-widget elementor-widget-heading\" data-id=\"eef5935\" data-element_type=\"widget\" data-e-type=\"widget\" data-widget_type=\"heading.default\">\n\t\t\t\t\t<h1 class=\"elementor-heading-title elementor-size-default\"><a href=\"https:\/\/diariodegoias.com.br\/coluna\/o-mundo-nao-te-deve-nada-e-e-exatamente-ai-que-sua-liberdade-comeca\/\" target=\"_blank\">O mundo n\u00e3o te deve nada \u2013 e \u00e9 exatamente a\u00ed que sua liberdade come\u00e7a<\/a><\/h1>\t\t\t\t<\/div>\n\t\t\t\t<div class=\"elementor-element elementor-element-0a428d3 elementor-widget elementor-widget-heading\" data-id=\"0a428d3\" data-element_type=\"widget\" data-e-type=\"widget\" data-widget_type=\"heading.default\">\n\t\t\t\t\t<h1 class=\"elementor-heading-title elementor-size-default\"><a href=\"https:\/\/diariodegoias.com.br\/coluna\/o-mundo-nao-te-deve-nada-e-e-exatamente-ai-que-sua-liberdade-comeca\/\" target=\"_blank\">- DI\u00c1RIO DE GOI\u00c1S<br>Publicado em: 13\/03\/2026 <br>Clique e Veja!<\/a><\/h1>\t\t\t\t<\/div>\n\t\t\t\t<\/div>\n\t\t<div class=\"elementor-element elementor-element-d66b9c7 e-con-full e-flex magic-button-disabled-no wpr-particle-no wpr-jarallax-no wpr-parallax-no wpr-sticky-section-no e-con e-child\" data-id=\"d66b9c7\" data-element_type=\"container\" data-e-type=\"container\" data-settings=\"{&quot;background_background&quot;:&quot;classic&quot;}\">\n\t\t\t\t<div class=\"elementor-element elementor-element-564310f elementor-widget elementor-widget-heading\" data-id=\"564310f\" data-element_type=\"widget\" data-e-type=\"widget\" data-widget_type=\"heading.default\">\n\t\t\t\t\t<h1 class=\"elementor-heading-title elementor-size-default\"><a href=\"https:\/\/diariodegoias.com.br\/coluna\/a-voz-na-sua-cabeca-aliada-silenciosa-ou-sabotadora-diaria\/\" target=\"_blank\">A voz na sua cabe\u00e7a: aliada silenciosa ou sabotadora di\u00e1ria?<\/a><\/h1>\t\t\t\t<\/div>\n\t\t\t\t<div class=\"elementor-element elementor-element-d6179aa elementor-widget elementor-widget-heading\" data-id=\"d6179aa\" data-element_type=\"widget\" data-e-type=\"widget\" data-widget_type=\"heading.default\">\n\t\t\t\t\t<h1 class=\"elementor-heading-title elementor-size-default\"><a href=\"https:\/\/diariodegoias.com.br\/coluna\/a-voz-na-sua-cabeca-aliada-silenciosa-ou-sabotadora-diaria\/\" target=\"_blank\">- DI\u00c1RIO DE GOI\u00c1S<br>Publicado em: 11\/02\/2026 <br>Clique e Veja!<\/a><\/h1>\t\t\t\t<\/div>\n\t\t\t\t<\/div>\n\t\t<div class=\"elementor-element elementor-element-0c52153 e-con-full e-flex magic-button-disabled-no wpr-particle-no wpr-jarallax-no wpr-parallax-no wpr-sticky-section-no e-con e-child\" data-id=\"0c52153\" data-element_type=\"container\" data-e-type=\"container\" data-settings=\"{&quot;background_background&quot;:&quot;classic&quot;}\">\n\t\t\t\t<div class=\"elementor-element elementor-element-02bdc49 elementor-widget elementor-widget-heading\" data-id=\"02bdc49\" data-element_type=\"widget\" data-e-type=\"widget\" data-widget_type=\"heading.default\">\n\t\t\t\t\t<h1 class=\"elementor-heading-title elementor-size-default\"><a href=\"https:\/\/diariodegoias.com.br\/coluna\/o-cerebro-nao-muda-porque-o-ano-virou-o-que-a-neurociencia-revela-sobre-novos-comecos\/\" target=\"_blank\">O c\u00e9rebro n\u00e3o muda porque o ano virou: o que a Neuroci\u00eancia revela sobre novos come\u00e7os<\/a><\/h1>\t\t\t\t<\/div>\n\t\t\t\t<div class=\"elementor-element elementor-element-d83ae64 elementor-widget elementor-widget-heading\" data-id=\"d83ae64\" data-element_type=\"widget\" data-e-type=\"widget\" data-widget_type=\"heading.default\">\n\t\t\t\t\t<h1 class=\"elementor-heading-title elementor-size-default\"><a href=\"https:\/\/diariodegoias.com.br\/coluna\/o-cerebro-nao-muda-porque-o-ano-virou-o-que-a-neurociencia-revela-sobre-novos-comecos\/\" target=\"_blank\">- DI\u00c1RIO DE GOI\u00c1S<br>Publicado em: 20\/01\/2026 <br>Clique e Veja!<\/a><\/h1>\t\t\t\t<\/div>\n\t\t\t\t<\/div>\n\t\t<div class=\"elementor-element elementor-element-b2fe14c e-con-full e-flex magic-button-disabled-no wpr-particle-no wpr-jarallax-no wpr-parallax-no wpr-sticky-section-no e-con e-child\" data-id=\"b2fe14c\" data-element_type=\"container\" data-e-type=\"container\" data-settings=\"{&quot;background_background&quot;:&quot;classic&quot;}\">\n\t\t\t\t<div class=\"elementor-element elementor-element-a3c68b9 elementor-widget elementor-widget-heading\" data-id=\"a3c68b9\" data-element_type=\"widget\" data-e-type=\"widget\" data-widget_type=\"heading.default\">\n\t\t\t\t\t<h1 class=\"elementor-heading-title elementor-size-default\"><a href=\"https:\/\/diariodegoias.com.br\/opiniao\/homens-ao-mar-dos-afetos-luzes-de-natal-pontes-emocionais-e-novos-comecos\/\" target=\"_blank\">Homens ao mar (dos afetos): luzes de Natal, pontes emocionais e novos come\u00e7os<\/a><\/h1>\t\t\t\t<\/div>\n\t\t\t\t<div class=\"elementor-element elementor-element-7d999c5 elementor-widget elementor-widget-heading\" data-id=\"7d999c5\" data-element_type=\"widget\" data-e-type=\"widget\" data-widget_type=\"heading.default\">\n\t\t\t\t\t<h1 class=\"elementor-heading-title elementor-size-default\"><a href=\"https:\/\/diariodegoias.com.br\/opiniao\/homens-ao-mar-dos-afetos-luzes-de-natal-pontes-emocionais-e-novos-comecos\/\" target=\"_blank\">- DI\u00c1RIO DE GOI\u00c1S<br>Publicado em: 19\/12\/2025 <br>Clique e Veja!<\/a><\/h1>\t\t\t\t<\/div>\n\t\t\t\t<\/div>\n\t\t\t\t<\/div>\n\t\t<div class=\"elementor-element elementor-element-4f98241 e-con-full e-flex magic-button-disabled-no wpr-particle-no wpr-jarallax-no wpr-parallax-no wpr-sticky-section-no e-con e-child\" data-id=\"4f98241\" data-element_type=\"container\" data-e-type=\"container\" data-settings=\"{&quot;background_background&quot;:&quot;classic&quot;}\">\n\t\t<div class=\"elementor-element elementor-element-ba14409 e-con-full e-flex magic-button-disabled-no wpr-particle-no wpr-jarallax-no wpr-parallax-no wpr-sticky-section-no e-con e-child\" data-id=\"ba14409\" data-element_type=\"container\" data-e-type=\"container\" data-settings=\"{&quot;background_background&quot;:&quot;classic&quot;}\">\n\t\t\t\t<div class=\"elementor-element elementor-element-146ac2b elementor-widget elementor-widget-heading\" data-id=\"146ac2b\" data-element_type=\"widget\" data-e-type=\"widget\" data-widget_type=\"heading.default\">\n\t\t\t\t\t<h1 class=\"elementor-heading-title elementor-size-default\"><a href=\"https:\/\/diariodegoias.com.br\/coluna\/o-mundo-nao-te-deve-nada-e-e-exatamente-ai-que-sua-liberdade-comeca\/\" target=\"_blank\">Permita-se mudar: quando a vida nos convida ao movimento<\/a><\/h1>\t\t\t\t<\/div>\n\t\t\t\t<div class=\"elementor-element elementor-element-f20aaea elementor-widget elementor-widget-heading\" data-id=\"f20aaea\" data-element_type=\"widget\" data-e-type=\"widget\" data-widget_type=\"heading.default\">\n\t\t\t\t\t<h1 class=\"elementor-heading-title elementor-size-default\"><a href=\"https:\/\/diariodegoias.com.br\/coluna\/o-mundo-nao-te-deve-nada-e-e-exatamente-ai-que-sua-liberdade-comeca\/\" target=\"_blank\">- DI\u00c1RIO DE GOI\u00c1S<br>Publicado em: 27\/11\/2025 <br>Clique e Veja!<\/a><\/h1>\t\t\t\t<\/div>\n\t\t\t\t<\/div>\n\t\t<div class=\"elementor-element elementor-element-82e59d2 e-con-full e-flex magic-button-disabled-no wpr-particle-no wpr-jarallax-no wpr-parallax-no wpr-sticky-section-no e-con e-child\" data-id=\"82e59d2\" data-element_type=\"container\" data-e-type=\"container\" data-settings=\"{&quot;background_background&quot;:&quot;classic&quot;}\">\n\t\t\t\t<div class=\"elementor-element elementor-element-b92e1db elementor-widget elementor-widget-heading\" data-id=\"b92e1db\" data-element_type=\"widget\" data-e-type=\"widget\" data-widget_type=\"heading.default\">\n\t\t\t\t\t<h1 class=\"elementor-heading-title elementor-size-default\"><a href=\"https:\/\/diariodegoias.com.br\/coluna\/a-voz-na-sua-cabeca-aliada-silenciosa-ou-sabotadora-diaria\/\" target=\"_blank\">Por Que Sua Autenticidade \u00e9 o Maior Ativo Profissional do S\u00e9culo XXI - Chega de M\u00e1scaras no Trabalho!<\/a><\/h1>\t\t\t\t<\/div>\n\t\t\t\t<div class=\"elementor-element elementor-element-68adbbe elementor-widget elementor-widget-heading\" data-id=\"68adbbe\" data-element_type=\"widget\" data-e-type=\"widget\" data-widget_type=\"heading.default\">\n\t\t\t\t\t<h1 class=\"elementor-heading-title elementor-size-default\"><a href=\"https:\/\/revistadoadministrador.com.br\/por-que-sua-autenticidade-e-o-maior-ativo-profissional-do-seculo-xxi-chega-de-mascaras-no-trabalho\/\" target=\"_blank\">- REVISTA DO ADMINISTRADOR<br>Publicado em: 13\/11\/2025 <br>Clique e Veja!<\/a><\/h1>\t\t\t\t<\/div>\n\t\t\t\t<\/div>\n\t\t<div class=\"elementor-element elementor-element-69e1aba e-con-full e-flex magic-button-disabled-no wpr-particle-no wpr-jarallax-no wpr-parallax-no wpr-sticky-section-no e-con e-child\" data-id=\"69e1aba\" data-element_type=\"container\" data-e-type=\"container\" data-settings=\"{&quot;background_background&quot;:&quot;classic&quot;}\">\n\t\t\t\t<div class=\"elementor-element elementor-element-343d3a9 elementor-widget elementor-widget-heading\" data-id=\"343d3a9\" data-element_type=\"widget\" data-e-type=\"widget\" data-widget_type=\"heading.default\">\n\t\t\t\t\t<h1 class=\"elementor-heading-title elementor-size-default\"><a href=\"https:\/\/diariodegoias.com.br\/opiniao\/por-que-e-tao-dificil-libertar-se-das-emocoes-negativas-e-como-se-desprender-delas\/\" target=\"_blank\">Por que \u00e9 t\u00e3o dif\u00edcil libertar-se das emo\u00e7\u00f5es negativas e como se desprender delas<\/a><\/h1>\t\t\t\t<\/div>\n\t\t\t\t<div class=\"elementor-element elementor-element-debb400 elementor-widget elementor-widget-heading\" data-id=\"debb400\" data-element_type=\"widget\" data-e-type=\"widget\" data-widget_type=\"heading.default\">\n\t\t\t\t\t<h1 class=\"elementor-heading-title elementor-size-default\"><a href=\"https:\/\/diariodegoias.com.br\/opiniao\/por-que-e-tao-dificil-libertar-se-das-emocoes-negativas-e-como-se-desprender-delas\/\" target=\"_blank\">- DI\u00c1RIO DE GOI\u00c1S<br>Publicado em: 10\/10\/2025 <br>Clique e Veja!<\/a><\/h1>\t\t\t\t<\/div>\n\t\t\t\t<\/div>\n\t\t<div class=\"elementor-element elementor-element-5384cf3 e-con-full e-flex magic-button-disabled-no wpr-particle-no wpr-jarallax-no wpr-parallax-no wpr-sticky-section-no e-con e-child\" data-id=\"5384cf3\" data-element_type=\"container\" data-e-type=\"container\" data-settings=\"{&quot;background_background&quot;:&quot;classic&quot;}\">\n\t\t\t\t<div class=\"elementor-element elementor-element-5e65f9c elementor-widget elementor-widget-heading\" data-id=\"5e65f9c\" data-element_type=\"widget\" data-e-type=\"widget\" data-widget_type=\"heading.default\">\n\t\t\t\t\t<h1 class=\"elementor-heading-title elementor-size-default\"><a href=\"https:\/\/diariodegoias.com.br\/opiniao\/as-6-mentiras-que-contamos-a-nos-mesmos-sobre-o-sucesso\/\" target=\"_blank\">As 6 mentiras que contamos a n\u00f3s mesmos sobre o sucesso<\/a><\/h1>\t\t\t\t<\/div>\n\t\t\t\t<div class=\"elementor-element elementor-element-5f9033c elementor-widget elementor-widget-heading\" data-id=\"5f9033c\" data-element_type=\"widget\" data-e-type=\"widget\" data-widget_type=\"heading.default\">\n\t\t\t\t\t<h1 class=\"elementor-heading-title elementor-size-default\"><a href=\"https:\/\/diariodegoias.com.br\/opiniao\/as-6-mentiras-que-contamos-a-nos-mesmos-sobre-o-sucesso\/\" target=\"_blank\">- DI\u00c1RIO DE GOI\u00c1S<br>Publicado em: 12\/09\/2025 <br>Clique e Veja!<\/a><\/h1>\t\t\t\t<\/div>\n\t\t\t\t<\/div>\n\t\t\t\t<\/div>\n\t\t<div class=\"elementor-element elementor-element-8377c89 e-con-full e-flex magic-button-disabled-no wpr-particle-no wpr-jarallax-no wpr-parallax-no wpr-sticky-section-no e-con e-child\" data-id=\"8377c89\" data-element_type=\"container\" data-e-type=\"container\" data-settings=\"{&quot;background_background&quot;:&quot;classic&quot;}\">\n\t\t<div class=\"elementor-element elementor-element-8f874fd e-con-full e-flex magic-button-disabled-no wpr-particle-no wpr-jarallax-no wpr-parallax-no wpr-sticky-section-no e-con e-child\" data-id=\"8f874fd\" data-element_type=\"container\" data-e-type=\"container\" data-settings=\"{&quot;background_background&quot;:&quot;classic&quot;}\">\n\t\t\t\t<div class=\"elementor-element elementor-element-8883330 elementor-widget elementor-widget-heading\" data-id=\"8883330\" data-element_type=\"widget\" data-e-type=\"widget\" data-widget_type=\"heading.default\">\n\t\t\t\t\t<h1 class=\"elementor-heading-title elementor-size-default\"><a href=\"https:\/\/goias.gov.br\/escoladesaude\/wp-content\/uploads\/sites\/59\/2025\/08\/DESENVOLVE-NEWS-17o-EDICAO.pdf\" target=\"_blank\">Lideran\u00e7a: uma quest\u00e3o de escolha, mentalidade e pr\u00e1tica<\/a><\/h1>\t\t\t\t<\/div>\n\t\t\t\t<div class=\"elementor-element elementor-element-dcec3cd elementor-widget elementor-widget-heading\" data-id=\"dcec3cd\" data-element_type=\"widget\" data-e-type=\"widget\" data-widget_type=\"heading.default\">\n\t\t\t\t\t<h1 class=\"elementor-heading-title elementor-size-default\"><a href=\"https:\/\/goias.gov.br\/escoladesaude\/wp-content\/uploads\/sites\/59\/2025\/08\/DESENVOLVE-NEWS-17o-EDICAO.pdf\" target=\"_blank\">- DESENVOLVE NEWS<br>Publicado em: 08\/2025 <br>Clique e Veja!<\/a><\/h1>\t\t\t\t<\/div>\n\t\t\t\t<\/div>\n\t\t<div class=\"elementor-element elementor-element-aed7dcc e-con-full e-flex magic-button-disabled-no wpr-particle-no wpr-jarallax-no wpr-parallax-no wpr-sticky-section-no e-con e-child\" data-id=\"aed7dcc\" data-element_type=\"container\" data-e-type=\"container\" data-settings=\"{&quot;background_background&quot;:&quot;classic&quot;}\">\n\t\t\t\t<div class=\"elementor-element elementor-element-d391e02 elementor-widget elementor-widget-heading\" data-id=\"d391e02\" data-element_type=\"widget\" data-e-type=\"widget\" data-widget_type=\"heading.default\">\n\t\t\t\t\t<h1 class=\"elementor-heading-title elementor-size-default\"><a href=\"https:\/\/diariodegoias.com.br\/opiniao\/voce-nao-esta-cansado-de-reagir-sempre-do-mesmo-jeito\/\" target=\"_blank\">Voc\u00ea n\u00e3o est\u00e1 cansado de reagir sempre do mesmo jeito?<\/a><\/h1>\t\t\t\t<\/div>\n\t\t\t\t<div class=\"elementor-element elementor-element-aab02d0 elementor-widget elementor-widget-heading\" data-id=\"aab02d0\" data-element_type=\"widget\" data-e-type=\"widget\" data-widget_type=\"heading.default\">\n\t\t\t\t\t<h1 class=\"elementor-heading-title elementor-size-default\"><a href=\"https:\/\/diariodegoias.com.br\/opiniao\/voce-nao-esta-cansado-de-reagir-sempre-do-mesmo-jeito\/\" target=\"_blank\">- DI\u00c1RIO DE GOI\u00c1S<br>Publicado em: 18\/08\/2025 <br>Clique e Veja!<\/a><\/h1>\t\t\t\t<\/div>\n\t\t\t\t<\/div>\n\t\t<div class=\"elementor-element elementor-element-74d27eb e-con-full e-flex magic-button-disabled-no wpr-particle-no wpr-jarallax-no wpr-parallax-no wpr-sticky-section-no e-con e-child\" data-id=\"74d27eb\" data-element_type=\"container\" data-e-type=\"container\" data-settings=\"{&quot;background_background&quot;:&quot;classic&quot;}\">\n\t\t\t\t<div class=\"elementor-element elementor-element-6aa61c4 elementor-widget elementor-widget-heading\" data-id=\"6aa61c4\" data-element_type=\"widget\" data-e-type=\"widget\" data-widget_type=\"heading.default\">\n\t\t\t\t\t<h1 class=\"elementor-heading-title elementor-size-default\"><a href=\"https:\/\/diariodegoias.com.br\/opiniao\/o-efeito-sombra-o-poder-escondido-em-quem-somos-de-verdade\/\" target=\"_blank\">O Efeito Sombra: O Poder Escondido em Quem Somos de Verdade<\/a><\/h1>\t\t\t\t<\/div>\n\t\t\t\t<div class=\"elementor-element elementor-element-5cca292 elementor-widget elementor-widget-heading\" data-id=\"5cca292\" data-element_type=\"widget\" data-e-type=\"widget\" data-widget_type=\"heading.default\">\n\t\t\t\t\t<h1 class=\"elementor-heading-title elementor-size-default\"><a href=\"https:\/\/diariodegoias.com.br\/opiniao\/o-efeito-sombra-o-poder-escondido-em-quem-somos-de-verdade\/\" target=\"_blank\">- DI\u00c1RIO DE GOI\u00c1S<br>Publicado em: 14\/07\/2025 <br>Clique e Veja!<\/a><\/h1>\t\t\t\t<\/div>\n\t\t\t\t<\/div>\n\t\t<div class=\"elementor-element elementor-element-dbf7b2b e-con-full e-flex magic-button-disabled-no wpr-particle-no wpr-jarallax-no wpr-parallax-no wpr-sticky-section-no e-con e-child\" data-id=\"dbf7b2b\" data-element_type=\"container\" data-e-type=\"container\" data-settings=\"{&quot;background_background&quot;:&quot;classic&quot;}\">\n\t\t\t\t<div class=\"elementor-element elementor-element-79f30df elementor-widget elementor-widget-heading\" data-id=\"79f30df\" data-element_type=\"widget\" data-e-type=\"widget\" data-widget_type=\"heading.default\">\n\t\t\t\t\t<h1 class=\"elementor-heading-title elementor-size-default\"><a href=\"https:\/\/revistadoadministrador.com.br\/proposito-a-bussola-silenciosa-que-transforma-a-gestao\/\" target=\"_blank\">Prop\u00f3sito: a b\u00fassola silenciosa que transforma a gest\u00e3o<\/a><\/h1>\t\t\t\t<\/div>\n\t\t\t\t<div class=\"elementor-element elementor-element-34acb32 elementor-widget elementor-widget-heading\" data-id=\"34acb32\" data-element_type=\"widget\" data-e-type=\"widget\" data-widget_type=\"heading.default\">\n\t\t\t\t\t<h1 class=\"elementor-heading-title elementor-size-default\"><a href=\"https:\/\/revistadoadministrador.com.br\/proposito-a-bussola-silenciosa-que-transforma-a-gestao\/\" target=\"_blank\">- REVISTA DO ADMINISTRADOR<br>Publicado em: 09\/06\/2025 <br>Clique e Veja!<\/a><\/h1>\t\t\t\t<\/div>\n\t\t\t\t<\/div>\n\t\t\t\t<\/div>\n\t\t\t\t<div class=\"elementor-element elementor-element-7b7952a elementor-align-center elementor-widget elementor-widget-button\" data-id=\"7b7952a\" data-element_type=\"widget\" data-e-type=\"widget\" data-widget_type=\"button.default\">\n\t\t\t\t\t\t\t\t\t\t<a class=\"elementor-button elementor-button-link elementor-size-sm elementor-animation-shrink\" href=\"https:\/\/rafaelaveronezi.com.br\/\">\n\t\t\t\t\t\t<span class=\"elementor-button-content-wrapper\">\n\t\t\t\t\t\t\t\t\t<span class=\"elementor-button-text\">VOLTAR<\/span>\n\t\t\t\t\t<\/span>\n\t\t\t\t\t<\/a>\n\t\t\t\t\t\t\t\t<\/div>\n\t\t\t\t<\/div>\n\t\t\t\t\t<\/div>\n\t\t\t\t<\/div>\n\t\t\t\t<\/div>\n\t\t","protected":false},"excerpt":{"rendered":"<p>O mundo n\u00e3o te deve nada \u2013 e \u00e9 exatamente a\u00ed que sua liberdade come\u00e7a &#8211; DI\u00c1RIO DE GOI\u00c1SPublicado em: 13\/03\/2026 Clique e Veja! A voz na sua cabe\u00e7a: aliada silenciosa ou sabotadora di\u00e1ria? &#8211; DI\u00c1RIO DE GOI\u00c1SPublicado em: 11\/02\/2026 Clique e Veja! O c\u00e9rebro n\u00e3o muda porque o ano virou: o que a Neuroci\u00eancia revela sobre novos come\u00e7os &#8211; DI\u00c1RIO DE GOI\u00c1SPublicado em: 20\/01\/2026 Clique e Veja! Homens ao mar (dos afetos): luzes de Natal, pontes emocionais e novos come\u00e7os &#8211; DI\u00c1RIO DE GOI\u00c1SPublicado em: 19\/12\/2025 Clique e Veja! Permita-se mudar: quando a vida nos convida ao movimento &#8211; DI\u00c1RIO DE GOI\u00c1SPublicado em: 27\/11\/2025 Clique e Veja! Por Que Sua Autenticidade \u00e9 o Maior Ativo Profissional do S\u00e9culo XXI &#8211; Chega de M\u00e1scaras no Trabalho! &#8211; REVISTA DO ADMINISTRADORPublicado em: 13\/11\/2025 Clique e Veja! Por que \u00e9 t\u00e3o dif\u00edcil libertar-se das emo\u00e7\u00f5es negativas e como se desprender delas &#8211; DI\u00c1RIO DE GOI\u00c1SPublicado em: 10\/10\/2025 Clique e Veja! As 6 mentiras que contamos a n\u00f3s mesmos sobre o sucesso &#8211; DI\u00c1RIO DE GOI\u00c1SPublicado em: 12\/09\/2025 Clique e Veja! Lideran\u00e7a: uma quest\u00e3o de escolha, mentalidade e pr\u00e1tica &#8211; DESENVOLVE NEWSPublicado em: 08\/2025 Clique e Veja! Voc\u00ea n\u00e3o est\u00e1 cansado de reagir sempre do mesmo jeito? &#8211; DI\u00c1RIO DE GOI\u00c1SPublicado em: 18\/08\/2025 Clique e Veja! O Efeito Sombra: O Poder Escondido em Quem Somos de Verdade &#8211; DI\u00c1RIO DE GOI\u00c1SPublicado em: 14\/07\/2025 Clique e Veja! Prop\u00f3sito: a b\u00fassola silenciosa que transforma a gest\u00e3o &#8211; REVISTA DO ADMINISTRADORPublicado em: 09\/06\/2025 Clique e Veja! VOLTAR<\/p>\n","protected":false},"author":1,"featured_media":0,"parent":0,"menu_order":0,"comment_status":"closed","ping_status":"closed","template":"","meta":{"_joinchat":[],"footnotes":""},"class_list":["post-1171","page","type-page","status-publish","hentry"],"aioseo_notices":[],"jetpack_sharing_enabled":true,"_links":{"self":[{"href":"https:\/\/rafaelaveronezi.com.br\/index.php\/wp-json\/wp\/v2\/pages\/1171","targetHints":{"allow":["GET"]}}],"collection":[{"href":"https:\/\/rafaelaveronezi.com.br\/index.php\/wp-json\/wp\/v2\/pages"}],"about":[{"href":"https:\/\/rafaelaveronezi.com.br\/index.php\/wp-json\/wp\/v2\/types\/page"}],"author":[{"embeddable":true,"href":"https:\/\/rafaelaveronezi.com.br\/index.php\/wp-json\/wp\/v2\/users\/1"}],"replies":[{"embeddable":true,"href":"https:\/\/rafaelaveronezi.com.br\/index.php\/wp-json\/wp\/v2\/comments?post=1171"}],"version-history":[{"count":60,"href":"https:\/\/rafaelaveronezi.com.br\/index.php\/wp-json\/wp\/v2\/pages\/1171\/revisions"}],"predecessor-version":[{"id":1575,"href":"https:\/\/rafaelaveronezi.com.br\/index.php\/wp-json\/wp\/v2\/pages\/1171\/revisions\/1575"}],"wp:attachment":[{"href":"https:\/\/rafaelaveronezi.com.br\/index.php\/wp-json\/wp\/v2\/media?parent=1171"}],"curies":[{"name":"wp","href":"https:\/\/api.w.org\/{rel}","templated":true}]}}